{"id":14,"date":"2016-09-07T08:22:20","date_gmt":"2016-09-07T06:22:20","guid":{"rendered":"http:\/\/www.gallerialcolica.com\/?page_id=14"},"modified":"2023-05-17T10:59:30","modified_gmt":"2023-05-17T08:59:30","slug":"spedizioni","status":"publish","type":"page","link":"http:\/\/www.gallerialcolica.com\/?page_id=14","title":{"rendered":"Spedizioni"},"content":{"rendered":"<div class=\"pdfprnt-buttons pdfprnt-buttons-page pdfprnt-top-right\"><a href=\"http:\/\/www.gallerialcolica.com\/index.php?rest_route=%2Fwp%2Fv2%2Fpages%2F14&print=pdf\" class=\"pdfprnt-button pdfprnt-button-pdf\" target=\"_blank\"><img src=\"http:\/\/www.gallerialcolica.com\/wp-content\/plugins\/pdf-print\/images\/pdf.png\" alt=\"image_pdf\" title=\"View PDF\" \/><\/a><a href=\"http:\/\/www.gallerialcolica.com\/index.php?rest_route=%2Fwp%2Fv2%2Fpages%2F14&print=print\" class=\"pdfprnt-button pdfprnt-button-print\" target=\"_blank\"><img src=\"http:\/\/www.gallerialcolica.com\/wp-content\/plugins\/pdf-print\/images\/print.png\" alt=\"image_print\" title=\"Print Content\" \/><\/a><\/div><p><\/p>\n<div align=\"justify\">\n<p style=\"text-align: center;\"><span style=\"color: #000000;\">Le nostre spedizioni sono veloci e sicure. Ci appoggiamo a corrieri espresso affidabili.<\/span><\/p>\n<div align=\"center\"><img decoding=\"async\" class=\"aligncenter wp-image-356 size-full\" src=\"http:\/\/www.gallerialcolica.com\/wp-content\/uploads\/2016\/09\/corrieri.png\" alt=\"corrieri\" width=\"549\" height=\"150\" srcset=\"http:\/\/www.gallerialcolica.com\/wp-content\/uploads\/2016\/09\/corrieri.png 549w, http:\/\/www.gallerialcolica.com\/wp-content\/uploads\/2016\/09\/corrieri-300x82.png 300w, http:\/\/www.gallerialcolica.com\/wp-content\/uploads\/2016\/09\/corrieri-35x10.png 35w, http:\/\/www.gallerialcolica.com\/wp-content\/uploads\/2016\/09\/corrieri-200x55.png 200w, http:\/\/www.gallerialcolica.com\/wp-content\/uploads\/2016\/09\/corrieri-470x128.png 470w\" sizes=\"(max-width: 549px) 100vw, 549px\" \/><\/div>\n<p><span style=\"color: #000000;\">Il costo della spedizione varia in base alla destinazione e al numero di bottiglie; tutte le nostre spedizioni prevedono imballi assolutamente sicuri e sono assicurate in caso di rottura, furto o smarrimento.<\/span><br \/>\n<span style=\"color: #000000;\"> Gli ordini effettuati arriveranno in 2 &#8211; 3 giorni lavorativi in Italia e in 5 &#8211; 12 giorni lavorativi in Europa. Ti invieremo una e-mail per avvisarti della partenza della merce.<\/span><br \/>\n<span style=\"color: #000000;\"> Le consegne vengono effettuate\u00a0dal luned\u00ec al venerd\u00ec dalle ore 9 alle 19. Ti suggeriamo di comunicare un indirizzo di consegna dove in questa fascia\u00a0oraria sia sempre presente qualcuno che possa\u00a0ritirare la merce. In caso di mancata prima consegna, il corriere ti contatter\u00e0 direttamente per concordare la seconda consegna. Non si effettuano consegne a caselle postali.<\/span><br \/>\n<span style=\"color: #000000;\"> In caso di rottura o manomissione del pacco potrai ritirare la merce firmando la bolla &#8220;CON RISERVA DI CONTROLLO&#8221;, in questo modo potrai controllare il contenuto ed informarci sullo stato della merce.\u00a0Il corriere NON consegner\u00e0 il vino o altri prodotti alcolici ai minori di 18 anni e potr\u00e0 richiedere un documento di identit\u00e0 per verificare l&#8217;et\u00e0.<\/span><\/p>\n<\/div>\n<p>&nbsp;<\/p>\n<h4 align=\"center\"><span style=\"color: #000000;\">SPEDIZIONI IN ITALIA<\/span><\/h4>\n<div align=\"justify\">\n<p style=\"text-align: center;\"><span style=\"color: #000000;\">I.V.A.\u00a0inclusa<\/span><\/p>\n<table style=\"height: 99px;\" border=\"0\" width=\"789\" cellspacing=\"0\" cellpadding=\"0\">\n<tbody>\n<tr>\n<td valign=\"middle\" width=\"200\" height=\"50\">\n<div align=\"center\"><span style=\"color: #000000;\"><strong>DESTINAZIONE<\/strong><\/span><\/div>\n<\/td>\n<td valign=\"middle\" width=\"100\">\n<div align=\"center\"><span style=\"color: #000000;\"><strong>FINO A 6<br \/>\nBOTTIGLIE<\/strong><\/span><\/div>\n<\/td>\n<td valign=\"middle\" width=\"100\">\n<div><span style=\"color: #000000;\"><strong>DA 12 A 18<br \/>\nBOTTIGLIE<\/strong><\/span><\/div>\n<\/td>\n<td valign=\"middle\" width=\"100\">\n<div align=\"center\"><span style=\"color: #000000;\"><strong>OLTRE 18<br \/>\nBOTTIGLIE<\/strong><\/span><\/div>\n<\/td>\n<\/tr>\n<tr>\n<td style=\"text-align: center;\" valign=\"middle\" height=\"25\">\n<div align=\"center\"><span style=\"color: #000000;\">Italia e San Marino<\/span><\/div>\n<\/td>\n<td style=\"text-align: center;\" valign=\"middle\">\n<div align=\"center\"><span style=\"color: #000000;\">\u20ac 12,00<\/span><\/div>\n<\/td>\n<td style=\"text-align: center;\" valign=\"middle\">\n<div align=\"center\"><span style=\"color: #000000;\">\u20ac 15,00<\/span><\/div>\n<\/td>\n<td valign=\"middle\">\n<div style=\"text-align: center;\" align=\"center\"><span style=\"color: #000000;\">\u20ac 19,00<\/span><\/div>\n<\/td>\n<\/tr>\n<\/tbody>\n<\/table>\n<p style=\"text-align: center;\"><span style=\"color: #ff0000;\"><strong>Spedizione gratuita in tutta Italia isole comprese\u00a0per ordini superiori ai 150 euro.<\/strong><\/span><\/p>\n<\/div>\n<p>&nbsp;<\/p>\n<h4 align=\"center\">SPEDIZIONI IN EUROPA<\/h4>\n<div align=\"justify\">\n<p>&nbsp;<\/p>\n<table style=\"height: 743px;\" border=\"0\" width=\"843\" cellspacing=\"0\" cellpadding=\"0\">\n<tbody>\n<tr>\n<td valign=\"middle\" width=\"200\" height=\"50\">\n<div style=\"text-align: center;\"><strong>DESTINAZIONE<\/strong><\/div>\n<\/td>\n<td valign=\"middle\" width=\"100\">\n<div align=\"center\"><strong>FINO A 6<\/strong><br \/>\n<strong>BOTTIGLIE<\/strong><\/div>\n<\/td>\n<td valign=\"middle\" width=\"100\">\n<div align=\"center\"><strong>FINO A 12<\/strong><br \/>\n<strong>BOTTIGLIE<\/strong><\/div>\n<\/td>\n<td valign=\"middle\" width=\"100\">\n<div align=\"center\"><strong>FINO A 18<\/strong><br \/>\n<strong>BOTTIGLIE<\/strong><\/div>\n<\/td>\n<td valign=\"middle\" width=\"100\">\n<div align=\"center\"><strong>FINO A 36<\/strong><br \/>\n<strong>BOTTIGLIE<\/strong><\/div>\n<\/td>\n<\/tr>\n<tr>\n<td valign=\"middle\" height=\"25\">\n<div align=\"center\">Austria &#8211; Belgio &#8211; Francia &#8211; Monaco Germania &#8211; Danimarca<\/div>\n<div align=\"center\">\n<div align=\"center\">Lussemburgo &#8211; Olanda<\/div>\n<\/div>\n<\/td>\n<td valign=\"middle\">\n<div align=\"center\">45.00 \u20ac<\/div>\n<\/td>\n<td valign=\"middle\">\n<div align=\"center\">45.00 \u20ac<\/div>\n<\/td>\n<td valign=\"middle\">\n<div align=\"center\">69.00 \u20ac<\/div>\n<\/td>\n<td valign=\"middle\">\n<div align=\"center\">94.00 \u20ac<\/div>\n<\/td>\n<\/tr>\n<tr>\n<td valign=\"middle\" height=\"25\">\n<div align=\"center\">\n<div align=\"center\"><\/div>\n<div align=\"center\">\n<div align=\"center\">\n<div align=\"center\">Polonia &#8211; Regno Unito Ungheria\u00a0 Repubblica Ceca<\/div>\n<div align=\"center\">Spagna &#8211; Slovacchia &#8211; Slovenia<\/div>\n<\/div>\n<\/div>\n<div align=\"center\"><\/div>\n<div align=\"center\"><\/div>\n<\/div>\n<\/td>\n<td style=\"text-align: center;\" valign=\"middle\">\n<div align=\"center\"><\/div>\n<div align=\"center\">49.00 \u20ac<\/div>\n<div align=\"center\"><\/div>\n<\/td>\n<td style=\"text-align: center;\" valign=\"middle\">49.00 \u20ac<\/td>\n<td style=\"text-align: center;\" valign=\"middle\">75.00 \u20ac<\/td>\n<td style=\"text-align: center;\" valign=\"middle\">104.00 \u20ac<\/td>\n<\/tr>\n<tr>\n<td valign=\"middle\" height=\"25\">\n<div align=\"center\">Bulgaria &#8211; Estonia &#8211; Lettonia<\/div>\n<div align=\"center\">Irlanda &#8211; Portogallo &#8211; Romania<\/div>\n<\/td>\n<td style=\"text-align: center;\" valign=\"middle\">55.00 \u20ac<\/td>\n<td style=\"text-align: center;\" valign=\"middle\">65.00 \u20ac<\/td>\n<td style=\"text-align: center;\" valign=\"middle\">80.00 \u20ac<\/td>\n<td style=\"text-align: center;\" valign=\"middle\">115.00 \u20ac<\/td>\n<\/tr>\n<tr>\n<td valign=\"middle\" height=\"25\"><\/td>\n<td valign=\"middle\"><\/td>\n<td valign=\"middle\"><\/td>\n<td valign=\"middle\"><\/td>\n<td valign=\"middle\"><\/td>\n<\/tr>\n<tr>\n<td valign=\"middle\" height=\"25\">\n<div align=\"center\">Lituania &#8211; Grecia<\/div>\n<\/td>\n<td style=\"text-align: center;\" valign=\"middle\">65.00 \u20ac<\/td>\n<td style=\"text-align: center;\" valign=\"middle\">65.00 \u20ac<\/td>\n<td style=\"text-align: center;\" valign=\"middle\">80.00 \u20ac<\/td>\n<td style=\"text-align: center;\" valign=\"middle\">125.00 \u20ac<\/td>\n<\/tr>\n<tr>\n<td valign=\"middle\" height=\"25\"><\/td>\n<td valign=\"middle\"><\/td>\n<td valign=\"middle\"><\/td>\n<td valign=\"middle\"><\/td>\n<td valign=\"middle\"><\/td>\n<\/tr>\n<tr>\n<td valign=\"middle\" height=\"25\"><\/td>\n<td valign=\"middle\"><\/td>\n<td valign=\"middle\"><\/td>\n<td valign=\"middle\"><\/td>\n<td valign=\"middle\"><\/td>\n<\/tr>\n<tr>\n<td valign=\"middle\" height=\"25\"><\/td>\n<td valign=\"middle\"><\/td>\n<td valign=\"middle\"><\/td>\n<td valign=\"middle\"><\/td>\n<td valign=\"middle\"><\/td>\n<\/tr>\n<tr>\n<td valign=\"middle\" height=\"25\"><\/td>\n<td valign=\"middle\"><\/td>\n<td valign=\"middle\"><\/td>\n<td valign=\"middle\"><\/td>\n<td valign=\"middle\"><\/td>\n<\/tr>\n<tr>\n<td valign=\"middle\" height=\"25\"><\/td>\n<td valign=\"middle\"><\/td>\n<td valign=\"middle\"><\/td>\n<td valign=\"middle\"><\/td>\n<td valign=\"middle\"><\/td>\n<\/tr>\n<tr>\n<td valign=\"middle\" height=\"25\"><\/td>\n<td style=\"text-align: center;\" valign=\"middle\"><\/td>\n<td valign=\"middle\"><\/td>\n<td valign=\"middle\"><\/td>\n<td valign=\"middle\"><\/td>\n<\/tr>\n<tr>\n<td valign=\"middle\" height=\"25\"><\/td>\n<td valign=\"middle\"><\/td>\n<td valign=\"middle\"><\/td>\n<td valign=\"middle\"><\/td>\n<td valign=\"middle\"><\/td>\n<\/tr>\n<tr>\n<td valign=\"middle\" height=\"25\"><\/td>\n<td valign=\"middle\"><\/td>\n<td valign=\"middle\"><\/td>\n<td valign=\"middle\"><\/td>\n<td valign=\"middle\"><\/td>\n<\/tr>\n<tr>\n<td valign=\"middle\" height=\"25\"><\/td>\n<td valign=\"middle\"><\/td>\n<td valign=\"middle\"><\/td>\n<td valign=\"middle\"><\/td>\n<td valign=\"middle\"><\/td>\n<\/tr>\n<tr>\n<td valign=\"middle\" height=\"25\"><\/td>\n<td valign=\"middle\"><\/td>\n<td valign=\"middle\"><\/td>\n<td valign=\"middle\"><\/td>\n<td valign=\"middle\"><\/td>\n<\/tr>\n<tr>\n<td valign=\"middle\" height=\"25\"><\/td>\n<td valign=\"middle\"><\/td>\n<td valign=\"middle\"><\/td>\n<td valign=\"middle\"><\/td>\n<td valign=\"middle\"><\/td>\n<\/tr>\n<tr>\n<td valign=\"middle\" height=\"25\"><\/td>\n<td valign=\"middle\"><\/td>\n<td valign=\"middle\"><\/td>\n<td valign=\"middle\"><\/td>\n<td valign=\"middle\"><\/td>\n<\/tr>\n<tr>\n<td valign=\"middle\" height=\"25\"><\/td>\n<td valign=\"middle\"><\/td>\n<td valign=\"middle\"><\/td>\n<td valign=\"middle\"><\/td>\n<td valign=\"middle\"><\/td>\n<\/tr>\n<tr>\n<td valign=\"middle\" height=\"25\"><\/td>\n<td valign=\"middle\"><\/td>\n<td valign=\"middle\"><\/td>\n<td valign=\"middle\"><\/td>\n<td valign=\"middle\"><\/td>\n<\/tr>\n<tr>\n<td valign=\"middle\" height=\"25\"><\/td>\n<td valign=\"middle\"><\/td>\n<td valign=\"middle\"><\/td>\n<td valign=\"middle\"><\/td>\n<td valign=\"middle\"><\/td>\n<\/tr>\n<tr>\n<td valign=\"middle\" height=\"25\"><\/td>\n<td valign=\"middle\"><\/td>\n<td valign=\"middle\"><\/td>\n<td valign=\"middle\"><\/td>\n<td valign=\"middle\"><\/td>\n<\/tr>\n<tr>\n<td valign=\"middle\" height=\"25\"><\/td>\n<td valign=\"middle\"><\/td>\n<td valign=\"middle\"><\/td>\n<td valign=\"middle\"><\/td>\n<td valign=\"middle\"><\/td>\n<\/tr>\n<\/tbody>\n<\/table>\n<\/div>\n<p><\/p>","protected":false},"excerpt":{"rendered":"<p>Le nostre spedizioni sono veloci e sicure. Ci appoggiamo a corrieri espresso affidabili. Il costo della spedizione varia in base alla destinazione e al numero di bottiglie; tutte le nostre spedizioni prevedono imballi assolutamente&#46;&#46;&#46;<\/p>\n","protected":false},"author":4,"featured_media":0,"parent":0,"menu_order":0,"comment_status":"closed","ping_status":"closed","template":"","meta":[],"_links":{"self":[{"href":"http:\/\/www.gallerialcolica.com\/index.php?rest_route=\/wp\/v2\/pages\/14"}],"collection":[{"href":"http:\/\/www.gallerialcolica.com\/index.php?rest_route=\/wp\/v2\/pages"}],"about":[{"href":"http:\/\/www.gallerialcolica.com\/index.php?rest_route=\/wp\/v2\/types\/page"}],"author":[{"embeddable":true,"href":"http:\/\/www.gallerialcolica.com\/index.php?rest_route=\/wp\/v2\/users\/4"}],"replies":[{"embeddable":true,"href":"http:\/\/www.gallerialcolica.com\/index.php?rest_route=%2Fwp%2Fv2%2Fcomments&post=14"}],"version-history":[{"count":24,"href":"http:\/\/www.gallerialcolica.com\/index.php?rest_route=\/wp\/v2\/pages\/14\/revisions"}],"predecessor-version":[{"id":2642,"href":"http:\/\/www.gallerialcolica.com\/index.php?rest_route=\/wp\/v2\/pages\/14\/revisions\/2642"}],"wp:attachment":[{"href":"http:\/\/www.gallerialcolica.com\/index.php?rest_route=%2Fwp%2Fv2%2Fmedia&parent=14"}],"curies":[{"name":"wp","href":"https:\/\/api.w.org\/{rel}","templated":true}]}}