{"id":20,"date":"2016-09-07T08:23:04","date_gmt":"2016-09-07T06:23:04","guid":{"rendered":"http:\/\/www.gallerialcolica.com\/?page_id=20"},"modified":"2023-02-28T10:41:26","modified_gmt":"2023-02-28T09:41:26","slug":"privacy-policy","status":"publish","type":"page","link":"http:\/\/www.gallerialcolica.com\/?page_id=20","title":{"rendered":"Privacy policy"},"content":{"rendered":"<div class=\"pdfprnt-buttons pdfprnt-buttons-page pdfprnt-top-right\"><a href=\"http:\/\/www.gallerialcolica.com\/index.php?rest_route=%2Fwp%2Fv2%2Fpages%2F20&print=pdf\" class=\"pdfprnt-button pdfprnt-button-pdf\" target=\"_blank\"><img src=\"http:\/\/www.gallerialcolica.com\/wp-content\/plugins\/pdf-print\/images\/pdf.png\" alt=\"image_pdf\" title=\"View PDF\" \/><\/a><a href=\"http:\/\/www.gallerialcolica.com\/index.php?rest_route=%2Fwp%2Fv2%2Fpages%2F20&print=print\" class=\"pdfprnt-button pdfprnt-button-print\" target=\"_blank\"><img src=\"http:\/\/www.gallerialcolica.com\/wp-content\/plugins\/pdf-print\/images\/print.png\" alt=\"image_print\" title=\"Print Content\" \/><\/a><\/div><p><\/p>\n<p style=\"text-align: justify;\">Informativa ex art. 13 del Codice della Privacy<br \/>\n(Decreto Legislativo 30 Giugno 2003, n. 196 recante Testo Unico delle norme in materia di tutela delle persone e di altri soggetti rispetto al trattamento dei dati personali)<br \/>\nGarantiamo a tutti i nostri utenti la massima cura e riservatezza nel trattamento dei dati personali, secondo quanto disposto dal Decreto Legislativo 196 del 2003.<br \/>\nLa Societ\u00e0 STABILE DISTRIBUZIONE, proprietaria del sito, nel rispetto dell\u2019articolo 13 del Decreto Legislativo 196 del 2003, dichiara che i dati dei propri utenti sono raccolti al fine di registrare l\u2019utente stesso ai servizi offerti dal sito, inclusa la possibilit\u00e0 di effettuare acquisti, e saranno trattati elettronicamente in conformit\u00e0 con le leggi vigenti. In mancanza di tali dati, non sar\u00e0 possibile per gli utenti usufruire dei servizi offerti dal sito.<br \/>\nDesideriamo informarLa, ai sensi dell\u2019articolo 13 del Decreto Legislativo 30 Giugno 2003, n. 196 recante Testo Unico delle disposizioni legislative in materia di tutela delle persone e di altri soggetti rispetto al trattamento dei dati personali (di seguito \u201cCodice\u201d), che le informazioni ed i dati da Lei forniti saranno oggetto di trattamento nel rispetto delle disposizioni sopra menzionate e degli obblighi di riservatezza che ispirano la societ\u00e0 STABILE DISTRIBUZIONE, nella persona del suo legale rappresentante pro tempore, con sede operativa in Via Volta 92 \u2013 21047\u00a0Saronno (VA).<br \/>\nPer trattamento di dati personali intendiamo qualunque operazione o complesso di operazioni, effettuati anche senza l&#8217;ausilio di strumenti elettronici, concernenti la raccolta, la registrazione, l&#8217;organizzazione, la conservazione, la consultazione, l&#8217;elaborazione, la modificazione, la selezione, l&#8217;estrazione, il raffronto, l&#8217;utilizzo, l&#8217;interconnessione, il blocco, la comunicazione, la diffusione, la cancellazione e la distruzione di dati, anche se non registrati in una banca di dati.<br \/>\nIl trattamento dei dati personali sar\u00e0 garantito nell\u2019esecuzione di obbligazioni contrattuali e legali, come la fornitura di beni e servizi, la fatturazione, le scritture contabili e le comunicazioni obbligatorie agli enti, nonch\u00e9 nelle comunicazioni ad istituti bancari e simili. I dati degli utenti potranno essere comunicati a consulenti amministrativi e fiscali, ad enti che li richiedessero in virt\u00f9 di disposizioni di legge.<\/p>\n<p style=\"text-align: justify;\">Ai sensi dell&#8217;articolo 13 del Codice, Le forniamo quindi le seguenti informazioni.<br \/>\n<strong>Il trattamento che intendiamo effettuare:<\/strong><br \/>\nLe informazioni personali raccolte sono utilizzate essenzialmente per consentire di effettuare acquisti sul sito e proporre prodotti e servizi personalizzati.<br \/>\nLe e-mail degli utenti registrati potranno essere utilizzate per l\u2019invio di comunicazioni, newsletter, informazioni commerciali e offerte su prodotti e servizi.<br \/>\nI Suoi dati non saranno oggetto di diffusione.<br \/>\nInoltre, \u00e8 del tutto facoltativo e non obbligatorio il consenso al trattamento dei dati personali per elaborare studi, ricerche, statistiche di mercato; inviare materiale pubblicitario ed informativo; inviare informazioni commerciali.<br \/>\nAl fini di personalizzare le offerte commerciali proposte agli utenti, potranno essere svolte operazioni di profilazione utenti, che saranno comunque condotte esclusivamente su dati comuni e non sensibili. A tale scopo utilizziamo &#8220;cookie&#8221; per riconoscere gli utenti quando accedono al sito e per personalizzare la navigazione. I &#8220;cookie&#8221; possono essere cancellati in qualunque momento attraverso il browser.<br \/>\nGli utenti registrati potranno avvalersi in qualsiasi momento dei diritti previsti dall\u2019articolo 7 del Decreto Legislativo 196 del 2003, che riportiamo integralmente di seguito. Potrai esercitare tali diritti, fra cui consultare, modificare o cancellare i tuoi dati, direttamente sul sito<br \/>\nPer il corretto utilizzo dei servizi del sito, <em>gallerialcolica.com<\/em> ricorre all&#8217;uso di Cookies.<\/p>\n<p style=\"text-align: justify;\">Per far valere i Suoi diritti cos\u00ec come previsti dall&#8217;articolo 7 del Codice, che per Sua comodit\u00e0 riproduciamo integralmente:<br \/>\nArt. 7 (Diritto di accesso ai dati personali ed altri diritti)<br \/>\n1. L&#8217;interessato ha diritto di ottenere la conferma dell&#8217;esistenza o meno di dati personali che lo riguardano, anche se non ancora registrati, e la loro comunicazione in forma intelligibile.<br \/>\n2. L&#8217;interessato ha diritto di ottenere l&#8217;indicazione:<br \/>\na) dell&#8217;origine dei dati personali;<br \/>\nb) delle finalit\u00e0 e modalit\u00e0 del trattamento;<br \/>\nc) della logica applicata in caso di trattamento effettuato con l&#8217;ausilio di strumenti elettronici;<br \/>\nd) degli estremi identificativi del titolare, dei responsabili e del rappresentante designato ai sensi dell&#8217;articolo 5, comma 2;<br \/>\ne) dei soggetti o delle categorie di soggetti ai quali i dati personali possono essere comunicati o che possono venirne a conoscenza in qualit\u00e0 di rappresentante designato nel territorio dello Stato, di responsabili o incaricati.<br \/>\n3. L&#8217;interessato ha diritto di ottenere:<br \/>\na) l&#8217;aggiornamento, la rettificazione ovvero, quando vi ha interesse, l&#8217;integrazione dei dati;<br \/>\nb) la cancellazione, la trasformazione in forma anonima o il blocco dei dati trattati in violazione di legge, compresi quelli di cui non \u00e8 necessaria la conservazione in relazione agli scopi per i quali i dati sono stati raccolti o successivamente trattati;<br \/>\nc) l&#8217;attestazione che le operazioni di cui alle lettere a) e b) sono state portate a conoscenza, anche per quanto riguarda il loro contenuto, di coloro ai quali i dati sono stati comunicati o diffusi, eccettuato il caso in cui tale adempimento si rivela impossibile o comporta un impiego di mezzi manifestamente sproporzionato rispetto al diritto tutelato.<br \/>\n4. L&#8217;interessato ha diritto di opporsi, in tutto o in parte:<br \/>\na) per motivi legittimi al trattamento dei dati personali che lo riguardano, ancorch\u00e9 pertinenti allo scopo della raccolta;<br \/>\nb) al trattamento di dati personali che lo riguardano a fini di invio di materiale pubblicitario o di vendita diretta o per il compimento di ricerche di mercato o di comunicazione commerciale.<\/p>\n<p>Tali richieste potranno essere trasmesse con le seguenti modalit\u00e0:<br \/>\n\u2013 E-mail che dovr\u00e0 essere inviata all\u2019indirizzo\u00a0<a href=\"mailto:info@gallerialcolica.com\">info@gallerialcolica.com<\/a>;<br \/>\n\u2013 Raccomandata che dovr\u00e0 essere spedita all\u2019indirizzo STABILE DISTRIBUZIONE\u00a0Via Volta 92 \u2013 21047 Saronno (VA).<\/p>\n<p><strong>Ultimo aggiornamento<\/strong><br \/>\n28 febbraio 2023<\/p>","protected":false},"excerpt":{"rendered":"<p>Informativa ex art. 13 del Codice della Privacy (Decreto Legislativo 30 Giugno 2003, n. 196 recante Testo Unico delle norme in materia di tutela delle persone e di altri soggetti rispetto al trattamento dei&#46;&#46;&#46;<\/p>\n","protected":false},"author":4,"featured_media":0,"parent":0,"menu_order":0,"comment_status":"closed","ping_status":"closed","template":"","meta":[],"_links":{"self":[{"href":"http:\/\/www.gallerialcolica.com\/index.php?rest_route=\/wp\/v2\/pages\/20"}],"collection":[{"href":"http:\/\/www.gallerialcolica.com\/index.php?rest_route=\/wp\/v2\/pages"}],"about":[{"href":"http:\/\/www.gallerialcolica.com\/index.php?rest_route=\/wp\/v2\/types\/page"}],"author":[{"embeddable":true,"href":"http:\/\/www.gallerialcolica.com\/index.php?rest_route=\/wp\/v2\/users\/4"}],"replies":[{"embeddable":true,"href":"http:\/\/www.gallerialcolica.com\/index.php?rest_route=%2Fwp%2Fv2%2Fcomments&post=20"}],"version-history":[{"count":7,"href":"http:\/\/www.gallerialcolica.com\/index.php?rest_route=\/wp\/v2\/pages\/20\/revisions"}],"predecessor-version":[{"id":2584,"href":"http:\/\/www.gallerialcolica.com\/index.php?rest_route=\/wp\/v2\/pages\/20\/revisions\/2584"}],"wp:attachment":[{"href":"http:\/\/www.gallerialcolica.com\/index.php?rest_route=%2Fwp%2Fv2%2Fmedia&parent=20"}],"curies":[{"name":"wp","href":"https:\/\/api.w.org\/{rel}","templated":true}]}}