{"id":70,"date":"2016-09-07T20:55:53","date_gmt":"2016-09-07T18:55:53","guid":{"rendered":"http:\/\/www.gallerialcolica.com\/?page_id=70"},"modified":"2020-02-28T09:07:31","modified_gmt":"2020-02-28T08:07:31","slug":"agriturismi","status":"publish","type":"page","link":"http:\/\/www.gallerialcolica.com\/?page_id=70","title":{"rendered":"Agriturismi dei nostri prodotti vinicoli"},"content":{"rendered":"<div class=\"pdfprnt-buttons pdfprnt-buttons-page pdfprnt-top-right\"><a href=\"http:\/\/www.gallerialcolica.com\/index.php?rest_route=%2Fwp%2Fv2%2Fpages%2F70&print=pdf\" class=\"pdfprnt-button pdfprnt-button-pdf\" target=\"_blank\"><img src=\"http:\/\/www.gallerialcolica.com\/wp-content\/plugins\/pdf-print\/images\/pdf.png\" alt=\"image_pdf\" title=\"View PDF\" \/><\/a><a href=\"http:\/\/www.gallerialcolica.com\/index.php?rest_route=%2Fwp%2Fv2%2Fpages%2F70&print=print\" class=\"pdfprnt-button pdfprnt-button-print\" target=\"_blank\"><img src=\"http:\/\/www.gallerialcolica.com\/wp-content\/plugins\/pdf-print\/images\/print.png\" alt=\"image_print\" title=\"Print Content\" \/><\/a><\/div><p><\/p>\n<p style=\"text-align: justify;\">I nostri agriturismi offrono sistemazioni curate nei minimi dettagli, cortesia e professionalit\u00e0 nell&#8217;accoglienza degli ospiti, degustazione dei prodotti tipici locali, grande scelta tra le varie attivit\u00e0 possibili da praticare.<br \/>\nUno degli aspetti pi\u00f9 apprezzati dell\u2019agriturismo \u00e8 sicuramente l\u2019enogastronomia di qualit\u00e0: cibi sani, spesso coltivati direttamente dai gestori dell\u2019agriturismo, ottimi vini e piatti della tradizione preparati con maestria.<br \/>\nPer un week-end speciale o qualche giorno di libert\u00e0, il relax si associa al buon vivere, la natura alla tradizione. Questo \u00e8 sicuramente il modo migliore per cogliere tutte le emozioni, godersi un soggiorno rilassante nell\u2019 azienda, passeggiare tra i vigneti, visitare la cantina.<br \/>\nL\u2019esperienza in agriturismo vi permetter\u00e0 di capire la cultura e il duro lavoro, elementi necessari per ottenere vini di qualit\u00e0 oggi apprezzati in tutto il mondo che volendo potrete acquistare a prezzi particolarmente vantaggiosi.<\/p>\n<div align=\"center\">Scegli dalla mappa la regione che preferisci visitare.<\/div>\n<p><\/p>","protected":false},"excerpt":{"rendered":"<p>I nostri agriturismi offrono sistemazioni curate nei minimi dettagli, cortesia e professionalit\u00e0 nell&#8217;accoglienza degli ospiti, degustazione dei prodotti tipici locali, grande scelta tra le varie attivit\u00e0 possibili da praticare. Uno degli aspetti pi\u00f9 apprezzati&#46;&#46;&#46;<\/p>\n","protected":false},"author":4,"featured_media":0,"parent":0,"menu_order":0,"comment_status":"closed","ping_status":"closed","template":"template-agriturismi.php","meta":[],"_links":{"self":[{"href":"http:\/\/www.gallerialcolica.com\/index.php?rest_route=\/wp\/v2\/pages\/70"}],"collection":[{"href":"http:\/\/www.gallerialcolica.com\/index.php?rest_route=\/wp\/v2\/pages"}],"about":[{"href":"http:\/\/www.gallerialcolica.com\/index.php?rest_route=\/wp\/v2\/types\/page"}],"author":[{"embeddable":true,"href":"http:\/\/www.gallerialcolica.com\/index.php?rest_route=\/wp\/v2\/users\/4"}],"replies":[{"embeddable":true,"href":"http:\/\/www.gallerialcolica.com\/index.php?rest_route=%2Fwp%2Fv2%2Fcomments&post=70"}],"version-history":[{"count":11,"href":"http:\/\/www.gallerialcolica.com\/index.php?rest_route=\/wp\/v2\/pages\/70\/revisions"}],"predecessor-version":[{"id":735,"href":"http:\/\/www.gallerialcolica.com\/index.php?rest_route=\/wp\/v2\/pages\/70\/revisions\/735"}],"wp:attachment":[{"href":"http:\/\/www.gallerialcolica.com\/index.php?rest_route=%2Fwp%2Fv2%2Fmedia&parent=70"}],"curies":[{"name":"wp","href":"https:\/\/api.w.org\/{rel}","templated":true}]}}